{"id":366796,"date":"2025-09-23T11:53:54","date_gmt":"2025-09-23T09:53:54","guid":{"rendered":"https:\/\/www.tipico.de\/wett-tipps\/?page_id=366796"},"modified":"2025-09-23T11:53:54","modified_gmt":"2025-09-23T09:53:54","slug":"erklaerung-zur-barrierefreiheit","status":"publish","type":"page","link":"https:\/\/www.tipico.de\/wett-tipps\/erklaerung-zur-barrierefreiheit","title":{"rendered":"Erkl\u00e4rung zur Barrierefreiheit"},"content":{"rendered":"","protected":false},"excerpt":{"rendered":"","protected":false},"author":11,"featured_media":0,"parent":0,"menu_order":0,"comment_status":"closed","ping_status":"closed","template":"","meta":{"_acf_changed":false,"footnotes":""},"class_list":["post-366796","page","type-page","status-publish","hentry"],"acf":{"flexible_content":[{"acf_fc_layout":"text","background_color":"white","content":[{"layout":"text_icon","text_icon":{"text_icon_id":"","text_icon_order":"text_last","text_icon_display_widget":false,"text_icon_icon":"","text_icon_apa_widget":{"apa_widget_":null,"apa_widget_headline":"","apa_widget_name":false,"apa_widget_data_standings_section":false,"apa_widget_data_standings_section_dbl":false,"apa_widget_page_standings_group":"","apa_widget_page_live-event":"","apa_widget_data_live_content":false,"apa_widget_team":"","apa_widget_data_team_section":false,"apa_widget_height":"","apa_widget_custom_height":400},"text_icon_sports_widget":{"sports_widget_name":false,"sports_widget_id":"","sports_widget_over_under":{"sports_widget_widget_title":"","sports_widget_hidden_name_team_1":"","sports_widget_hidden_name_team_2":"","sports_widget_hidden_upcoming_game":"","sports_widget_time_game":"","sports_widget_id_event":"","sports_widget_selected_market_type":"standard:"},"sports_widget_matchday":{"sports_widget_title":"","sports_widget_sport":false,"sports_widget_league_matchday":false,"sports_widget_groups_matchday":[]}},"text_icon_text":"Es ist uns ein besonderes Anliegen, unsere Webseite\u00a0<a href=\"https:\/\/sports.tipico.de\/de\">https:\/\/sports.tipico.de\/de<\/a>\u00a0f\u00fcr unsere Kunden und Kundinnen m\u00f6glichst inklusiv zu gestalten. Dazu geh\u00f6rt ab 28.06.2025 auch die Einhaltung des Barrierefreiheitsst\u00e4rkungsgesetzes zur Umsetzung der Richtlinie (EU) 2019\/882 des Europ\u00e4ischen Parlaments und des Rates vom 17.04.2019 \u00fcber die Barrierefreiheitsanforderungen f\u00fcr Produkte und Dienstleistungen und zur \u00c4nderung anderer Gesetze.\r\n\r\nDie Anforderungen zur Barrierefreiheit ergeben sich aus dem Barrierefreiheitsst\u00e4rkungsgesetz (BFSG), insbesondere aus \u00a7 14 BFSG i. V. m. \u00a7 3 Abs. 1 BFSG, sowie der zugrunde liegenden Verordnung zum Barrierefreiheitsst\u00e4rkungsgesetz (BFSGV).\r\n\r\nTipico Co. Limited betreibt ein Wettangebot und ist Inhaberin einer durch die Gemeinsame Gl\u00fccksspielbeh\u00f6rde der L\u00e4nder (GGL) \u00fcberwachten, in Deutschland bundesweit g\u00fcltigen Erlaubnis f\u00fcr den gewerbsm\u00e4\u00dfigen Abschluss von Wetten (Buchmacher) und f\u00fcr die Aus\u00fcbung dieser T\u00e4tigkeiten im Internet. Eine weitere Beschreibung unserer Dienstleistungen und Erl\u00e4uterungen zu deren Durchf\u00fchrung sowie Informationen zum Vertragsabschluss, finden Sie unter:\u00a0<a href=\"https:\/\/account.tipico.de\/de\/terms\/general\">https:\/\/account.tipico.de\/de\/terms\/general<\/a>\r\n\r\nDie Barrierefreiheit unserer Webseite wird aktuell durch die externe Expertin Anne-Mieke Bovelett (<a>https:\/\/annebovelett.eu<\/a>) \u00fcberpr\u00fcft. Nach Abschluss der \u00dcberpr\u00fcfung werden wir die Erkl\u00e4rung zur Barrierefreiheit aktualisieren und etwaige notwendige Anpassungen vornehmen, um eine noch benutzerfreundlichere und insbesondere barrierefreie Nutzung unserer Webseite zu gew\u00e4hrleisten.\r\n\r\nSollten Sie auf unserer Webseite auf Barrieren sto\u00dfen, welche Sie bei der Benutzung behindern oder einschr\u00e4nken, kontaktieren Sie uns:\u00a0<a>kundenservice@tipico.de<\/a>\r\n\r\nDie zust\u00e4ndige Markt\u00fcberwachungsbeh\u00f6rde ist die Markt\u00fcberwachungsstelle der L\u00e4nder f\u00fcr die Barrierefreiheit von Produkten und Dienstleistungen (MLBF).\r\n\r\n<strong>Diese Erkl\u00e4rung wurde am 29. Mai 2025 erstellt.<\/strong>"},"text_image":{"text_image_id":"","text_image_layout":"","text_image_order":"","text_image_display_widget":false,"text_image_image":null,"text_image_apa_widget":{"apa_widget_":null,"apa_widget_headline":"","apa_widget_name":false,"apa_widget_data_standings_section":false,"apa_widget_data_standings_section_dbl":false,"apa_widget_page_standings_group":"","apa_widget_page_live-event":"","apa_widget_data_live_content":false,"apa_widget_team":"","apa_widget_data_team_section":false,"apa_widget_height":"","apa_widget_custom_height":400},"text_image_sports_widget":{"sports_widget_name":false,"sports_widget_id":"","sports_widget_over_under":{"sports_widget_widget_title":"","sports_widget_hidden_name_team_1":"","sports_widget_hidden_name_team_2":"","sports_widget_hidden_upcoming_game":"","sports_widget_time_game":"","sports_widget_id_event":"","sports_widget_selected_market_type":"standard:"},"sports_widget_matchday":{"sports_widget_title":"","sports_widget_sport":false,"sports_widget_league_matchday":false,"sports_widget_groups_matchday":[]}},"text_image_text":""},"image":{"image_":null,"image_id":"","image_image":null,"image_image_mobile":null},"text_cta":{"text_cta_id":"","text_cta_name":false,"text_cta_use_custom":false,"text_cta_":null,"text_cta_text":"","text_cta_button":null,"text_cta_add_pulsing":false},"text":{"text_id":"","text_text":""}}]}]},"yoast_head":"<!-- This site is optimized with the Yoast SEO Premium plugin v27.3 (Yoast SEO v27.3) - https:\/\/yoast.com\/product\/yoast-seo-premium-wordpress\/ -->\n<title>Erkl\u00e4rung zur Barrierefreiheit | Tipico<\/title>\n<meta name=\"description\" content=\"Hier findest du das aktuelle Impressum von Tipico!\" \/>\n<meta name=\"robots\" content=\"noindex, nofollow\" \/>\n<meta property=\"og:locale\" content=\"de_DE\" \/>\n<meta property=\"og:type\" content=\"article\" \/>\n<meta property=\"og:title\" content=\"Erkl\u00e4rung zur Barrierefreiheit\" \/>\n<meta property=\"og:description\" content=\"Hier findest du das aktuelle Impressum von Tipico!\" \/>\n<meta property=\"og:url\" content=\"https:\/\/www.tipico.de\/wett-tipps\/erklaerung-zur-barrierefreiheit\" \/>\n<meta property=\"og:site_name\" content=\"Tipico Wett Tipps\" \/>\n<meta property=\"article:publisher\" content=\"https:\/\/www.facebook.com\/tipico\/\" \/>\n<meta property=\"og:image\" content=\"https:\/\/www.tipico.de\/wett-tipps\/wp-content\/uploads\/2021\/06\/tipico_icon.png\" \/>\n\t<meta property=\"og:image:width\" content=\"512\" \/>\n\t<meta property=\"og:image:height\" content=\"512\" \/>\n\t<meta property=\"og:image:type\" content=\"image\/png\" \/>\n<meta name=\"twitter:card\" content=\"summary_large_image\" \/>\n<meta name=\"twitter:site\" content=\"@Tipico_de\" \/>\n<meta name=\"twitter:label1\" content=\"Gesch\u00e4tzte Lesezeit\" \/>\n\t<meta name=\"twitter:data1\" content=\"2\u00a0Minuten\" \/>\n<script type=\"application\/ld+json\" class=\"yoast-schema-graph\">{\"@context\":\"https:\\\/\\\/schema.org\",\"@graph\":[{\"@type\":[\"Article\",\"BlogPosting\"],\"@id\":\"https:\\\/\\\/www.tipico.de\\\/wett-tipps\\\/erklaerung-zur-barrierefreiheit#article\",\"isPartOf\":{\"@id\":\"https:\\\/\\\/www.tipico.de\\\/wett-tipps\\\/erklaerung-zur-barrierefreiheit\"},\"author\":{\"name\":\"Andreas M\u00fcller\",\"@id\":\"https:\\\/\\\/www.tipico.de\\\/wett-tipps\\\/#\\\/schema\\\/person\\\/22bf8701fa03f731c3f7d13cf8e3b290\"},\"headline\":\"Erkl\u00e4rung zur Barrierefreiheit\",\"datePublished\":\"2025-09-23T09:53:54+00:00\",\"mainEntityOfPage\":{\"@id\":\"https:\\\/\\\/www.tipico.de\\\/wett-tipps\\\/erklaerung-zur-barrierefreiheit\"},\"wordCount\":4,\"publisher\":{\"@id\":\"https:\\\/\\\/www.tipico.de\\\/wett-tipps\\\/#organization\"},\"inLanguage\":\"de\"},{\"@type\":\"WebPage\",\"@id\":\"https:\\\/\\\/www.tipico.de\\\/wett-tipps\\\/erklaerung-zur-barrierefreiheit\",\"url\":\"https:\\\/\\\/www.tipico.de\\\/wett-tipps\\\/erklaerung-zur-barrierefreiheit\",\"name\":\"Erkl\u00e4rung zur Barrierefreiheit | Tipico\",\"isPartOf\":{\"@id\":\"https:\\\/\\\/www.tipico.de\\\/wett-tipps\\\/#website\"},\"datePublished\":\"2025-09-23T09:53:54+00:00\",\"description\":\"Hier findest du das aktuelle Impressum von Tipico!\",\"breadcrumb\":{\"@id\":\"https:\\\/\\\/www.tipico.de\\\/wett-tipps\\\/erklaerung-zur-barrierefreiheit#breadcrumb\"},\"inLanguage\":\"de\",\"potentialAction\":[{\"@type\":\"ReadAction\",\"target\":[\"https:\\\/\\\/www.tipico.de\\\/wett-tipps\\\/erklaerung-zur-barrierefreiheit\"]}]},{\"@type\":\"BreadcrumbList\",\"@id\":\"https:\\\/\\\/www.tipico.de\\\/wett-tipps\\\/erklaerung-zur-barrierefreiheit#breadcrumb\",\"itemListElement\":[{\"@type\":\"ListItem\",\"position\":1,\"name\":\"Start\",\"item\":\"https:\\\/\\\/www.tipico.de\\\/wett-tipps\\\/\"},{\"@type\":\"ListItem\",\"position\":2,\"name\":\"Erkl\u00e4rung zur Barrierefreiheit\"}]},{\"@type\":\"WebSite\",\"@id\":\"https:\\\/\\\/www.tipico.de\\\/wett-tipps\\\/#website\",\"url\":\"https:\\\/\\\/www.tipico.de\\\/wett-tipps\\\/\",\"name\":\"Tipico Wett Tipps\",\"description\":\"Wett Tipps heute &amp; aktuelle Sportwetten News\",\"publisher\":{\"@id\":\"https:\\\/\\\/www.tipico.de\\\/wett-tipps\\\/#organization\"},\"potentialAction\":[{\"@type\":\"SearchAction\",\"target\":{\"@type\":\"EntryPoint\",\"urlTemplate\":\"https:\\\/\\\/www.tipico.de\\\/wett-tipps\\\/?s={search_term_string}\"},\"query-input\":{\"@type\":\"PropertyValueSpecification\",\"valueRequired\":true,\"valueName\":\"search_term_string\"}}],\"inLanguage\":\"de\"},{\"@type\":\"Organization\",\"@id\":\"https:\\\/\\\/www.tipico.de\\\/wett-tipps\\\/#organization\",\"name\":\"Tipico\",\"url\":\"https:\\\/\\\/www.tipico.de\\\/wett-tipps\\\/\",\"logo\":{\"@type\":\"ImageObject\",\"inLanguage\":\"de\",\"@id\":\"https:\\\/\\\/www.tipico.de\\\/wett-tipps\\\/#\\\/schema\\\/logo\\\/image\\\/\",\"url\":\"https:\\\/\\\/www.tipico.de\\\/wett-tipps\\\/wp-content\\\/uploads\\\/2021\\\/02\\\/logo.svg\",\"contentUrl\":\"https:\\\/\\\/www.tipico.de\\\/wett-tipps\\\/wp-content\\\/uploads\\\/2021\\\/02\\\/logo.svg\",\"width\":\"1024\",\"height\":\"1024\",\"caption\":\"Tipico\"},\"image\":{\"@id\":\"https:\\\/\\\/www.tipico.de\\\/wett-tipps\\\/#\\\/schema\\\/logo\\\/image\\\/\"},\"sameAs\":[\"https:\\\/\\\/www.facebook.com\\\/tipico\\\/\",\"https:\\\/\\\/x.com\\\/Tipico_de\"]},{\"@type\":\"Person\",\"@id\":\"https:\\\/\\\/www.tipico.de\\\/wett-tipps\\\/#\\\/schema\\\/person\\\/22bf8701fa03f731c3f7d13cf8e3b290\",\"name\":\"Andreas M\u00fcller\",\"image\":{\"@type\":\"ImageObject\",\"inLanguage\":\"de\",\"@id\":\"https:\\\/\\\/secure.gravatar.com\\\/avatar\\\/280227ece5fe7810b37199b19e8ddc77ea82b8f2ce208d9ed97be338ba9959d7?s=96&d=mm&r=g\",\"url\":\"https:\\\/\\\/secure.gravatar.com\\\/avatar\\\/280227ece5fe7810b37199b19e8ddc77ea82b8f2ce208d9ed97be338ba9959d7?s=96&d=mm&r=g\",\"contentUrl\":\"https:\\\/\\\/secure.gravatar.com\\\/avatar\\\/280227ece5fe7810b37199b19e8ddc77ea82b8f2ce208d9ed97be338ba9959d7?s=96&d=mm&r=g\",\"caption\":\"Andreas M\u00fcller\"},\"description\":\"Mein Name ist Andreas M\u00fcller und ich habe selbst lange aktiv Fu\u00dfball gespielt. Das Interesse an Fussball heute habe ich nie verloren und heute schreibe ich \u00fcber die Bundesliga, Champions League oder auch die Europa- und Weltmeisterschaften. Neben dem Fussball verfolge ich leidenschaftlich die NFL.\",\"url\":\"https:\\\/\\\/www.tipico.de\\\/wett-tipps\\\/author\\\/andreas-mueller\"}]}<\/script>\n<!-- \/ Yoast SEO Premium plugin. -->","yoast_head_json":{"title":"Erkl\u00e4rung zur Barrierefreiheit | Tipico","description":"Hier findest du das aktuelle Impressum von Tipico!","robots":{"index":"noindex","follow":"nofollow"},"og_locale":"de_DE","og_type":"article","og_title":"Erkl\u00e4rung zur Barrierefreiheit","og_description":"Hier findest du das aktuelle Impressum von Tipico!","og_url":"https:\/\/www.tipico.de\/wett-tipps\/erklaerung-zur-barrierefreiheit","og_site_name":"Tipico Wett Tipps","article_publisher":"https:\/\/www.facebook.com\/tipico\/","og_image":[{"width":512,"height":512,"url":"https:\/\/www.tipico.de\/wett-tipps\/wp-content\/uploads\/2021\/06\/tipico_icon.png","type":"image\/png"}],"twitter_card":"summary_large_image","twitter_site":"@Tipico_de","twitter_misc":{"Gesch\u00e4tzte Lesezeit":"2\u00a0Minuten"},"schema":{"@context":"https:\/\/schema.org","@graph":[{"@type":["Article","BlogPosting"],"@id":"https:\/\/www.tipico.de\/wett-tipps\/erklaerung-zur-barrierefreiheit#article","isPartOf":{"@id":"https:\/\/www.tipico.de\/wett-tipps\/erklaerung-zur-barrierefreiheit"},"author":{"name":"Andreas M\u00fcller","@id":"https:\/\/www.tipico.de\/wett-tipps\/#\/schema\/person\/22bf8701fa03f731c3f7d13cf8e3b290"},"headline":"Erkl\u00e4rung zur Barrierefreiheit","datePublished":"2025-09-23T09:53:54+00:00","mainEntityOfPage":{"@id":"https:\/\/www.tipico.de\/wett-tipps\/erklaerung-zur-barrierefreiheit"},"wordCount":4,"publisher":{"@id":"https:\/\/www.tipico.de\/wett-tipps\/#organization"},"inLanguage":"de"},{"@type":"WebPage","@id":"https:\/\/www.tipico.de\/wett-tipps\/erklaerung-zur-barrierefreiheit","url":"https:\/\/www.tipico.de\/wett-tipps\/erklaerung-zur-barrierefreiheit","name":"Erkl\u00e4rung zur Barrierefreiheit | Tipico","isPartOf":{"@id":"https:\/\/www.tipico.de\/wett-tipps\/#website"},"datePublished":"2025-09-23T09:53:54+00:00","description":"Hier findest du das aktuelle Impressum von Tipico!","breadcrumb":{"@id":"https:\/\/www.tipico.de\/wett-tipps\/erklaerung-zur-barrierefreiheit#breadcrumb"},"inLanguage":"de","potentialAction":[{"@type":"ReadAction","target":["https:\/\/www.tipico.de\/wett-tipps\/erklaerung-zur-barrierefreiheit"]}]},{"@type":"BreadcrumbList","@id":"https:\/\/www.tipico.de\/wett-tipps\/erklaerung-zur-barrierefreiheit#breadcrumb","itemListElement":[{"@type":"ListItem","position":1,"name":"Start","item":"https:\/\/www.tipico.de\/wett-tipps\/"},{"@type":"ListItem","position":2,"name":"Erkl\u00e4rung zur Barrierefreiheit"}]},{"@type":"WebSite","@id":"https:\/\/www.tipico.de\/wett-tipps\/#website","url":"https:\/\/www.tipico.de\/wett-tipps\/","name":"Tipico Wett Tipps","description":"Wett Tipps heute &amp; aktuelle Sportwetten News","publisher":{"@id":"https:\/\/www.tipico.de\/wett-tipps\/#organization"},"potentialAction":[{"@type":"SearchAction","target":{"@type":"EntryPoint","urlTemplate":"https:\/\/www.tipico.de\/wett-tipps\/?s={search_term_string}"},"query-input":{"@type":"PropertyValueSpecification","valueRequired":true,"valueName":"search_term_string"}}],"inLanguage":"de"},{"@type":"Organization","@id":"https:\/\/www.tipico.de\/wett-tipps\/#organization","name":"Tipico","url":"https:\/\/www.tipico.de\/wett-tipps\/","logo":{"@type":"ImageObject","inLanguage":"de","@id":"https:\/\/www.tipico.de\/wett-tipps\/#\/schema\/logo\/image\/","url":"https:\/\/www.tipico.de\/wett-tipps\/wp-content\/uploads\/2021\/02\/logo.svg","contentUrl":"https:\/\/www.tipico.de\/wett-tipps\/wp-content\/uploads\/2021\/02\/logo.svg","width":"1024","height":"1024","caption":"Tipico"},"image":{"@id":"https:\/\/www.tipico.de\/wett-tipps\/#\/schema\/logo\/image\/"},"sameAs":["https:\/\/www.facebook.com\/tipico\/","https:\/\/x.com\/Tipico_de"]},{"@type":"Person","@id":"https:\/\/www.tipico.de\/wett-tipps\/#\/schema\/person\/22bf8701fa03f731c3f7d13cf8e3b290","name":"Andreas M\u00fcller","image":{"@type":"ImageObject","inLanguage":"de","@id":"https:\/\/secure.gravatar.com\/avatar\/280227ece5fe7810b37199b19e8ddc77ea82b8f2ce208d9ed97be338ba9959d7?s=96&d=mm&r=g","url":"https:\/\/secure.gravatar.com\/avatar\/280227ece5fe7810b37199b19e8ddc77ea82b8f2ce208d9ed97be338ba9959d7?s=96&d=mm&r=g","contentUrl":"https:\/\/secure.gravatar.com\/avatar\/280227ece5fe7810b37199b19e8ddc77ea82b8f2ce208d9ed97be338ba9959d7?s=96&d=mm&r=g","caption":"Andreas M\u00fcller"},"description":"Mein Name ist Andreas M\u00fcller und ich habe selbst lange aktiv Fu\u00dfball gespielt. Das Interesse an Fussball heute habe ich nie verloren und heute schreibe ich \u00fcber die Bundesliga, Champions League oder auch die Europa- und Weltmeisterschaften. Neben dem Fussball verfolge ich leidenschaftlich die NFL.","url":"https:\/\/www.tipico.de\/wett-tipps\/author\/andreas-mueller"}]}},"_links":{"self":[{"href":"https:\/\/www.tipico.de\/wett-tipps\/wp-json\/wp\/v2\/pages\/366796","targetHints":{"allow":["GET"]}}],"collection":[{"href":"https:\/\/www.tipico.de\/wett-tipps\/wp-json\/wp\/v2\/pages"}],"about":[{"href":"https:\/\/www.tipico.de\/wett-tipps\/wp-json\/wp\/v2\/types\/page"}],"author":[{"embeddable":true,"href":"https:\/\/www.tipico.de\/wett-tipps\/wp-json\/wp\/v2\/users\/11"}],"replies":[{"embeddable":true,"href":"https:\/\/www.tipico.de\/wett-tipps\/wp-json\/wp\/v2\/comments?post=366796"}],"version-history":[{"count":1,"href":"https:\/\/www.tipico.de\/wett-tipps\/wp-json\/wp\/v2\/pages\/366796\/revisions"}],"predecessor-version":[{"id":366797,"href":"https:\/\/www.tipico.de\/wett-tipps\/wp-json\/wp\/v2\/pages\/366796\/revisions\/366797"}],"wp:attachment":[{"href":"https:\/\/www.tipico.de\/wett-tipps\/wp-json\/wp\/v2\/media?parent=366796"}],"curies":[{"name":"wp","href":"https:\/\/api.w.org\/{rel}","templated":true}]}}