{"id":22,"date":"2021-02-24T21:50:58","date_gmt":"2021-02-24T20:50:58","guid":{"rendered":"https:\/\/blog.tipico-wettshop.com\/?page_id=22"},"modified":"2026-02-05T10:22:05","modified_gmt":"2026-02-05T09:22:05","slug":"impressum","status":"publish","type":"page","link":"https:\/\/www.tipico.de\/wett-tipps\/impressum","title":{"rendered":"Impressum"},"content":{"rendered":"","protected":false},"excerpt":{"rendered":"","protected":false},"author":1,"featured_media":0,"parent":0,"menu_order":0,"comment_status":"closed","ping_status":"closed","template":"","meta":{"_acf_changed":false,"footnotes":""},"class_list":["post-22","page","type-page","status-publish","hentry"],"acf":{"flexible_content":[{"acf_fc_layout":"text","background_color":"white","content":[{"layout":"text_icon","text_icon":{"text_icon_id":"","text_icon_order":"text_last","text_icon_display_widget":false,"text_icon_icon":"","text_icon_apa_widget":{"apa_widget_":null,"apa_widget_headline":"","apa_widget_name":false,"apa_widget_data_standings_section":false,"apa_widget_data_standings_section_dbl":false,"apa_widget_page_standings_group":"","apa_widget_page_live-event":"","apa_widget_data_live_content":false,"apa_widget_team":"","apa_widget_data_team_section":false,"apa_widget_height":"","apa_widget_custom_height":400},"text_icon_sports_widget":{"sports_widget_name":false,"sports_widget_id":"","sports_widget_over_under":{"sports_widget_widget_title":"","sports_widget_hidden_name_team_1":"","sports_widget_hidden_name_team_2":"","sports_widget_hidden_upcoming_game":"","sports_widget_time_game":"","sports_widget_id_event":"","sports_widget_selected_market_type":"standard:"},"sports_widget_matchday":{"sports_widget_title":"","sports_widget_sport":false,"sports_widget_league_matchday":false,"sports_widget_groups_matchday":[]}},"text_icon_text":"<strong>Impressum<\/strong>\r\n\r\n<strong>Tipico Co. Ltd.<\/strong>\r\n\r\nTipico Co. Ltd. ist eine Gesellschaft mit beschr\u00e4nkter Haftung nach maltesischem Recht. Registernummer: C34286 bei der Malta Business Registry (MBR). Der Tipico Co. Ltd. wurde mit Bescheid vom 09.12.2022 die beh\u00f6rdliche Erlaubnis zur Veranstaltung von Sportwetten im Internet und station\u00e4ren Bereich erteilt.\r\n\r\n<strong>Aufsichtsbeh\u00f6rde<\/strong>\r\n\r\nGemeinsame Gl\u00fccksspielbeh\u00f6rde der L\u00e4nder\r\n\r\n<strong>Gesch\u00e4ftsf\u00fchrer<\/strong>\r\n\r\nChristian Feiner, Stefano Buse\r\n\r\n<strong>Gesch\u00e4ftssitz<\/strong>\r\n\r\nTipico Tower\r\nVjal Portomaso\r\nSTJ 4011\r\nSt. Julian's\r\nMalta\r\n\r\n<strong>Bildernachweis<\/strong>\r\nDie Bilder und Fotos auf dieser Webseite sind urheberrechtlich gesch\u00fctzt. Die Bilderrechte liegen bei dem folgenden Unternehmen: <a href=\"http:\/\/www.imago-images.de\">IMAGO<\/a>\r\n\r\n<strong>Transparenzhinweis<\/strong>\r\nEinige Inhalte (Bilder oder Texte) dieser Webseite wurden unter teilweiser Zuhilfenahme von KI erstellt. Die endg\u00fcltige \u00dcberarbeitung, Pr\u00fcfung und Freigabe erfolgte durch unsere Redaktion."},"text_image":{"text_image_id":"","text_image_layout":"","text_image_order":"","text_image_display_widget":false,"text_image_image":null,"text_image_apa_widget":{"apa_widget_":null,"apa_widget_headline":"","apa_widget_name":false,"apa_widget_data_standings_section":false,"apa_widget_data_standings_section_dbl":false,"apa_widget_page_standings_group":"","apa_widget_page_live-event":"","apa_widget_data_live_content":false,"apa_widget_team":"","apa_widget_data_team_section":false,"apa_widget_height":"","apa_widget_custom_height":400},"text_image_sports_widget":{"sports_widget_name":false,"sports_widget_id":"","sports_widget_over_under":{"sports_widget_widget_title":"","sports_widget_hidden_name_team_1":"","sports_widget_hidden_name_team_2":"","sports_widget_hidden_upcoming_game":"","sports_widget_time_game":"","sports_widget_id_event":"","sports_widget_selected_market_type":"standard:"},"sports_widget_matchday":{"sports_widget_title":"","sports_widget_sport":false,"sports_widget_league_matchday":false,"sports_widget_groups_matchday":[]}},"text_image_text":""},"image":{"image_":null,"image_id":"","image_image":null,"image_image_mobile":null},"text_cta":{"text_cta_id":"","text_cta_name":false,"text_cta_use_custom":false,"text_cta_":null,"text_cta_text":"","text_cta_button":null,"text_cta_add_pulsing":false},"text":{"text_id":"","text_text":""}}]},{"acf_fc_layout":"call_to_action","name":"cta_4","use_custom":false,"cta":{"cta_id":"","cta_layout":"","cta_background_image":null,"cta_background_image_mobile":null,"cta_label":"","cta_title":"","cta_buttons":null}}]},"yoast_head":"<!-- This site is optimized with the Yoast SEO Premium plugin v27.3 (Yoast SEO v27.3) - https:\/\/yoast.com\/product\/yoast-seo-premium-wordpress\/ -->\n<title>Impressum | Tipico<\/title>\n<meta name=\"description\" content=\"Hier findest du das aktuelle Impressum von Tipico!\" \/>\n<meta name=\"robots\" content=\"noindex, nofollow\" \/>\n<meta property=\"og:locale\" content=\"de_DE\" \/>\n<meta property=\"og:type\" content=\"article\" \/>\n<meta property=\"og:title\" content=\"Impressum\" \/>\n<meta property=\"og:description\" content=\"Hier findest du das aktuelle Impressum von Tipico!\" \/>\n<meta property=\"og:url\" content=\"https:\/\/www.tipico.de\/wett-tipps\/impressum\" \/>\n<meta property=\"og:site_name\" content=\"Tipico Wett Tipps\" \/>\n<meta property=\"article:publisher\" content=\"https:\/\/www.facebook.com\/tipico\/\" \/>\n<meta property=\"article:modified_time\" content=\"2026-02-05T09:22:05+00:00\" \/>\n<meta property=\"og:image\" content=\"https:\/\/www.tipico.de\/wett-tipps\/wp-content\/uploads\/2021\/06\/tipico_icon.png\" \/>\n\t<meta property=\"og:image:width\" content=\"512\" \/>\n\t<meta property=\"og:image:height\" content=\"512\" \/>\n\t<meta property=\"og:image:type\" content=\"image\/png\" \/>\n<meta name=\"twitter:card\" content=\"summary_large_image\" \/>\n<meta name=\"twitter:site\" content=\"@Tipico_de\" \/>\n<meta name=\"twitter:label1\" content=\"Gesch\u00e4tzte Lesezeit\" \/>\n\t<meta name=\"twitter:data1\" content=\"1\u00a0Minute\" \/>\n<script type=\"application\/ld+json\" class=\"yoast-schema-graph\">{\"@context\":\"https:\\\/\\\/schema.org\",\"@graph\":[{\"@type\":[\"Article\",\"BlogPosting\"],\"@id\":\"https:\\\/\\\/www.tipico.de\\\/wett-tipps\\\/impressum#article\",\"isPartOf\":{\"@id\":\"https:\\\/\\\/www.tipico.de\\\/wett-tipps\\\/impressum\"},\"author\":{\"name\":\"info\",\"@id\":\"https:\\\/\\\/www.tipico.de\\\/wett-tipps\\\/#\\\/schema\\\/person\\\/15ba968daeeb9381d2550a37869b5f84\"},\"headline\":\"Impressum\",\"datePublished\":\"2021-02-24T20:50:58+00:00\",\"dateModified\":\"2026-02-05T09:22:05+00:00\",\"mainEntityOfPage\":{\"@id\":\"https:\\\/\\\/www.tipico.de\\\/wett-tipps\\\/impressum\"},\"wordCount\":1,\"publisher\":{\"@id\":\"https:\\\/\\\/www.tipico.de\\\/wett-tipps\\\/#organization\"},\"inLanguage\":\"de\"},{\"@type\":\"WebPage\",\"@id\":\"https:\\\/\\\/www.tipico.de\\\/wett-tipps\\\/impressum\",\"url\":\"https:\\\/\\\/www.tipico.de\\\/wett-tipps\\\/impressum\",\"name\":\"Impressum | Tipico\",\"isPartOf\":{\"@id\":\"https:\\\/\\\/www.tipico.de\\\/wett-tipps\\\/#website\"},\"datePublished\":\"2021-02-24T20:50:58+00:00\",\"dateModified\":\"2026-02-05T09:22:05+00:00\",\"description\":\"Hier findest du das aktuelle Impressum von Tipico!\",\"breadcrumb\":{\"@id\":\"https:\\\/\\\/www.tipico.de\\\/wett-tipps\\\/impressum#breadcrumb\"},\"inLanguage\":\"de\",\"potentialAction\":[{\"@type\":\"ReadAction\",\"target\":[\"https:\\\/\\\/www.tipico.de\\\/wett-tipps\\\/impressum\"]}]},{\"@type\":\"BreadcrumbList\",\"@id\":\"https:\\\/\\\/www.tipico.de\\\/wett-tipps\\\/impressum#breadcrumb\",\"itemListElement\":[{\"@type\":\"ListItem\",\"position\":1,\"name\":\"Start\",\"item\":\"https:\\\/\\\/www.tipico.de\\\/wett-tipps\\\/\"},{\"@type\":\"ListItem\",\"position\":2,\"name\":\"Impressum\"}]},{\"@type\":\"WebSite\",\"@id\":\"https:\\\/\\\/www.tipico.de\\\/wett-tipps\\\/#website\",\"url\":\"https:\\\/\\\/www.tipico.de\\\/wett-tipps\\\/\",\"name\":\"Tipico Wett Tipps\",\"description\":\"Wett Tipps heute &amp; aktuelle Sportwetten News\",\"publisher\":{\"@id\":\"https:\\\/\\\/www.tipico.de\\\/wett-tipps\\\/#organization\"},\"potentialAction\":[{\"@type\":\"SearchAction\",\"target\":{\"@type\":\"EntryPoint\",\"urlTemplate\":\"https:\\\/\\\/www.tipico.de\\\/wett-tipps\\\/?s={search_term_string}\"},\"query-input\":{\"@type\":\"PropertyValueSpecification\",\"valueRequired\":true,\"valueName\":\"search_term_string\"}}],\"inLanguage\":\"de\"},{\"@type\":\"Organization\",\"@id\":\"https:\\\/\\\/www.tipico.de\\\/wett-tipps\\\/#organization\",\"name\":\"Tipico\",\"url\":\"https:\\\/\\\/www.tipico.de\\\/wett-tipps\\\/\",\"logo\":{\"@type\":\"ImageObject\",\"inLanguage\":\"de\",\"@id\":\"https:\\\/\\\/www.tipico.de\\\/wett-tipps\\\/#\\\/schema\\\/logo\\\/image\\\/\",\"url\":\"https:\\\/\\\/www.tipico.de\\\/wett-tipps\\\/wp-content\\\/uploads\\\/2021\\\/02\\\/logo.svg\",\"contentUrl\":\"https:\\\/\\\/www.tipico.de\\\/wett-tipps\\\/wp-content\\\/uploads\\\/2021\\\/02\\\/logo.svg\",\"width\":\"1024\",\"height\":\"1024\",\"caption\":\"Tipico\"},\"image\":{\"@id\":\"https:\\\/\\\/www.tipico.de\\\/wett-tipps\\\/#\\\/schema\\\/logo\\\/image\\\/\"},\"sameAs\":[\"https:\\\/\\\/www.facebook.com\\\/tipico\\\/\",\"https:\\\/\\\/x.com\\\/Tipico_de\"]},{\"@type\":\"Person\",\"@id\":\"https:\\\/\\\/www.tipico.de\\\/wett-tipps\\\/#\\\/schema\\\/person\\\/15ba968daeeb9381d2550a37869b5f84\",\"name\":\"info\",\"image\":{\"@type\":\"ImageObject\",\"inLanguage\":\"de\",\"@id\":\"https:\\\/\\\/secure.gravatar.com\\\/avatar\\\/b96b5716f1165d321648d4cf0640d25be91dcb0f8b5777f79fa1d70de092f12b?s=96&d=mm&r=g\",\"url\":\"https:\\\/\\\/secure.gravatar.com\\\/avatar\\\/b96b5716f1165d321648d4cf0640d25be91dcb0f8b5777f79fa1d70de092f12b?s=96&d=mm&r=g\",\"contentUrl\":\"https:\\\/\\\/secure.gravatar.com\\\/avatar\\\/b96b5716f1165d321648d4cf0640d25be91dcb0f8b5777f79fa1d70de092f12b?s=96&d=mm&r=g\",\"caption\":\"info\"},\"sameAs\":[\"https:\\\/\\\/www.tipico.de\\\/wett-tipps\"],\"url\":\"https:\\\/\\\/www.tipico.de\\\/wett-tipps\\\/author\\\/tipico-admin\"}]}<\/script>\n<!-- \/ Yoast SEO Premium plugin. -->","yoast_head_json":{"title":"Impressum | Tipico","description":"Hier findest du das aktuelle Impressum von Tipico!","robots":{"index":"noindex","follow":"nofollow"},"og_locale":"de_DE","og_type":"article","og_title":"Impressum","og_description":"Hier findest du das aktuelle Impressum von Tipico!","og_url":"https:\/\/www.tipico.de\/wett-tipps\/impressum","og_site_name":"Tipico Wett Tipps","article_publisher":"https:\/\/www.facebook.com\/tipico\/","article_modified_time":"2026-02-05T09:22:05+00:00","og_image":[{"width":512,"height":512,"url":"https:\/\/www.tipico.de\/wett-tipps\/wp-content\/uploads\/2021\/06\/tipico_icon.png","type":"image\/png"}],"twitter_card":"summary_large_image","twitter_site":"@Tipico_de","twitter_misc":{"Gesch\u00e4tzte Lesezeit":"1\u00a0Minute"},"schema":{"@context":"https:\/\/schema.org","@graph":[{"@type":["Article","BlogPosting"],"@id":"https:\/\/www.tipico.de\/wett-tipps\/impressum#article","isPartOf":{"@id":"https:\/\/www.tipico.de\/wett-tipps\/impressum"},"author":{"name":"info","@id":"https:\/\/www.tipico.de\/wett-tipps\/#\/schema\/person\/15ba968daeeb9381d2550a37869b5f84"},"headline":"Impressum","datePublished":"2021-02-24T20:50:58+00:00","dateModified":"2026-02-05T09:22:05+00:00","mainEntityOfPage":{"@id":"https:\/\/www.tipico.de\/wett-tipps\/impressum"},"wordCount":1,"publisher":{"@id":"https:\/\/www.tipico.de\/wett-tipps\/#organization"},"inLanguage":"de"},{"@type":"WebPage","@id":"https:\/\/www.tipico.de\/wett-tipps\/impressum","url":"https:\/\/www.tipico.de\/wett-tipps\/impressum","name":"Impressum | Tipico","isPartOf":{"@id":"https:\/\/www.tipico.de\/wett-tipps\/#website"},"datePublished":"2021-02-24T20:50:58+00:00","dateModified":"2026-02-05T09:22:05+00:00","description":"Hier findest du das aktuelle Impressum von Tipico!","breadcrumb":{"@id":"https:\/\/www.tipico.de\/wett-tipps\/impressum#breadcrumb"},"inLanguage":"de","potentialAction":[{"@type":"ReadAction","target":["https:\/\/www.tipico.de\/wett-tipps\/impressum"]}]},{"@type":"BreadcrumbList","@id":"https:\/\/www.tipico.de\/wett-tipps\/impressum#breadcrumb","itemListElement":[{"@type":"ListItem","position":1,"name":"Start","item":"https:\/\/www.tipico.de\/wett-tipps\/"},{"@type":"ListItem","position":2,"name":"Impressum"}]},{"@type":"WebSite","@id":"https:\/\/www.tipico.de\/wett-tipps\/#website","url":"https:\/\/www.tipico.de\/wett-tipps\/","name":"Tipico Wett Tipps","description":"Wett Tipps heute &amp; aktuelle Sportwetten News","publisher":{"@id":"https:\/\/www.tipico.de\/wett-tipps\/#organization"},"potentialAction":[{"@type":"SearchAction","target":{"@type":"EntryPoint","urlTemplate":"https:\/\/www.tipico.de\/wett-tipps\/?s={search_term_string}"},"query-input":{"@type":"PropertyValueSpecification","valueRequired":true,"valueName":"search_term_string"}}],"inLanguage":"de"},{"@type":"Organization","@id":"https:\/\/www.tipico.de\/wett-tipps\/#organization","name":"Tipico","url":"https:\/\/www.tipico.de\/wett-tipps\/","logo":{"@type":"ImageObject","inLanguage":"de","@id":"https:\/\/www.tipico.de\/wett-tipps\/#\/schema\/logo\/image\/","url":"https:\/\/www.tipico.de\/wett-tipps\/wp-content\/uploads\/2021\/02\/logo.svg","contentUrl":"https:\/\/www.tipico.de\/wett-tipps\/wp-content\/uploads\/2021\/02\/logo.svg","width":"1024","height":"1024","caption":"Tipico"},"image":{"@id":"https:\/\/www.tipico.de\/wett-tipps\/#\/schema\/logo\/image\/"},"sameAs":["https:\/\/www.facebook.com\/tipico\/","https:\/\/x.com\/Tipico_de"]},{"@type":"Person","@id":"https:\/\/www.tipico.de\/wett-tipps\/#\/schema\/person\/15ba968daeeb9381d2550a37869b5f84","name":"info","image":{"@type":"ImageObject","inLanguage":"de","@id":"https:\/\/secure.gravatar.com\/avatar\/b96b5716f1165d321648d4cf0640d25be91dcb0f8b5777f79fa1d70de092f12b?s=96&d=mm&r=g","url":"https:\/\/secure.gravatar.com\/avatar\/b96b5716f1165d321648d4cf0640d25be91dcb0f8b5777f79fa1d70de092f12b?s=96&d=mm&r=g","contentUrl":"https:\/\/secure.gravatar.com\/avatar\/b96b5716f1165d321648d4cf0640d25be91dcb0f8b5777f79fa1d70de092f12b?s=96&d=mm&r=g","caption":"info"},"sameAs":["https:\/\/www.tipico.de\/wett-tipps"],"url":"https:\/\/www.tipico.de\/wett-tipps\/author\/tipico-admin"}]}},"_links":{"self":[{"href":"https:\/\/www.tipico.de\/wett-tipps\/wp-json\/wp\/v2\/pages\/22","targetHints":{"allow":["GET"]}}],"collection":[{"href":"https:\/\/www.tipico.de\/wett-tipps\/wp-json\/wp\/v2\/pages"}],"about":[{"href":"https:\/\/www.tipico.de\/wett-tipps\/wp-json\/wp\/v2\/types\/page"}],"author":[{"embeddable":true,"href":"https:\/\/www.tipico.de\/wett-tipps\/wp-json\/wp\/v2\/users\/1"}],"replies":[{"embeddable":true,"href":"https:\/\/www.tipico.de\/wett-tipps\/wp-json\/wp\/v2\/comments?post=22"}],"version-history":[{"count":6,"href":"https:\/\/www.tipico.de\/wett-tipps\/wp-json\/wp\/v2\/pages\/22\/revisions"}],"predecessor-version":[{"id":414159,"href":"https:\/\/www.tipico.de\/wett-tipps\/wp-json\/wp\/v2\/pages\/22\/revisions\/414159"}],"wp:attachment":[{"href":"https:\/\/www.tipico.de\/wett-tipps\/wp-json\/wp\/v2\/media?parent=22"}],"curies":[{"name":"wp","href":"https:\/\/api.w.org\/{rel}","templated":true}]}}